{"id":10432,"date":"2011-06-15T12:10:33","date_gmt":"2011-06-15T10:10:33","guid":{"rendered":"https:\/\/www.vallsguiu.com\/accidents-de-transit\/"},"modified":"2021-04-27T17:37:37","modified_gmt":"2021-04-27T15:37:37","slug":"abogados-especialistas-expertos-accidentes-trafico-barcelona","status":"publish","type":"page","link":"https:\/\/www.vallsguiu.com\/ca\/abogados-especialistas-expertos-accidentes-trafico-barcelona\/","title":{"rendered":"Accidents de tr\u00e0nsit"},"content":{"rendered":"<p><div class=\"fusion-fullwidth fullwidth-box fusion-builder-row-1 fusion-flex-container nonhundred-percent-fullwidth non-hundred-percent-height-scrolling\" style=\"--awb-border-radius-top-left:0px;--awb-border-radius-top-right:0px;--awb-border-radius-bottom-right:0px;--awb-border-radius-bottom-left:0px;--awb-flex-wrap:wrap;\" ><div class=\"fusion-builder-row fusion-row fusion-flex-align-items-flex-start fusion-flex-content-wrap\" style=\"max-width:1019.2px;margin-left: calc(-4% \/ 2 );margin-right: calc(-4% \/ 2 );\"><div class=\"fusion-layout-column fusion_builder_column fusion-builder-column-0 fusion_builder_column_1_3 1_3 fusion-flex-column\" style=\"--awb-bg-size:cover;--awb-width-large:33.333333333333%;--awb-margin-top-large:0px;--awb-spacing-right-large:5.76%;--awb-margin-bottom-large:20px;--awb-spacing-left-large:5.76%;--awb-width-medium:33.333333333333%;--awb-order-medium:0;--awb-spacing-right-medium:5.76%;--awb-spacing-left-medium:5.76%;--awb-width-small:100%;--awb-order-small:0;--awb-spacing-right-small:1.92%;--awb-spacing-left-small:1.92%;\"><div class=\"fusion-column-wrapper fusion-column-has-shadow fusion-flex-justify-content-flex-start fusion-content-layout-column\"><div class=\"fusion-image-element \" style=\"text-align:center;--awb-caption-title-font-family:var(--h2_typography-font-family);--awb-caption-title-font-weight:var(--h2_typography-font-weight);--awb-caption-title-font-style:var(--h2_typography-font-style);--awb-caption-title-size:var(--h2_typography-font-size);--awb-caption-title-transform:var(--h2_typography-text-transform);--awb-caption-title-line-height:var(--h2_typography-line-height);--awb-caption-title-letter-spacing:var(--h2_typography-letter-spacing);\"><span class=\" fusion-imageframe imageframe-none imageframe-1 hover-type-none\"><img decoding=\"async\" width=\"300\" height=\"300\" title=\"1_accidents_transit\" src=\"https:\/\/www.vallsguiu.com\/wp-content\/uploads\/1_accidents_transit.jpg\" alt class=\"img-responsive wp-image-10598\" srcset=\"https:\/\/www.vallsguiu.com\/wp-content\/uploads\/1_accidents_transit-150x150.jpg 150w, https:\/\/www.vallsguiu.com\/wp-content\/uploads\/1_accidents_transit.jpg 300w, https:\/\/www.vallsguiu.com\/wp-content\/uploads\/1_accidents_transit-1024x1024.jpg 1024w\" sizes=\"(max-width: 300px) 100vw, 300px\" \/><\/span><\/div><\/div><\/div><div class=\"fusion-layout-column fusion_builder_column fusion-builder-column-1 fusion_builder_column_2_3 2_3 fusion-flex-column\" style=\"--awb-bg-size:cover;--awb-width-large:66.666666666667%;--awb-margin-top-large:0px;--awb-spacing-right-large:2.88%;--awb-margin-bottom-large:20px;--awb-spacing-left-large:2.88%;--awb-width-medium:66.666666666667%;--awb-order-medium:0;--awb-spacing-right-medium:2.88%;--awb-spacing-left-medium:2.88%;--awb-width-small:100%;--awb-order-small:0;--awb-spacing-right-small:1.92%;--awb-spacing-left-small:1.92%;\"><div class=\"fusion-column-wrapper fusion-column-has-shadow fusion-flex-justify-content-flex-start fusion-content-layout-column\"><div class=\"fusion-title title fusion-title-1 fusion-sep-none fusion-title-text fusion-title-size-two\" style=\"--awb-margin-top-small:10px;--awb-margin-bottom-small:10px;\"><h2 class=\"fusion-title-heading title-heading-left\" style=\"margin:0;\"><h2>Accidents de tr\u00e0nsit<\/h2><\/h2><\/div><div class=\"fusion-text fusion-text-1\"><p>Assessorament integral a les v\u00edctimes d\u2019accidents de tr\u00e0nsit per reclamar la seva indemnitzaci\u00f3 i els seus drets, i a ser part en procediments judicials.<\/p>\n<p>Oferim als nostres clients l\u2019assessorament necessari per poder exigir la responsabilitat enfront del conductor responsable de l\u2019accident, i valorar amb la v\u00edctima i els seus familiars la indemnitzaci\u00f3 que els correspongui enfront de l\u2019asseguradora del vehicle causant del mateix, per les lesions, danys i altres perjudicis soferts. En aquest sentit, mantenim serveis de col.laboraci\u00f3 amb gabinets pericials, a fi d\u2019acreditar tot el necessari per obtenir la m\u00e0xima indemnitzaci\u00f3 possible, de conformitat amb el principi universal de la \u201cla restitutio ad integrum\u201d.<\/p>\n<\/div><div class=\"fusion-text fusion-text-2\"><ul class=\"actuacio\">\n<li>Reclamacions civils en accidents de tr\u00e0nsit, indemnitzacions, danys personals, danys materials i danys morals<\/li>\n<li>Defensa i acusaci\u00f3 en delictes d\u2019imprud\u00e8ncia en la circulaci\u00f3, alcohol\u00e8mia, conducci\u00f3 temer\u00e0ria<\/li>\n<li>Reclamacions contra les administracions p\u00fabliques en mat\u00e8ria de tr\u00e0fic<\/li>\n<li>Procediments contenciosos-administratius<\/li>\n<li>Judicis r\u00e0pids<\/li>\n<li>Negociacions extrajudicials<\/li>\n<\/ul>\n<\/div><\/div><\/div><\/div><\/div><div class=\"fusion-fullwidth fullwidth-box fusion-builder-row-2 fusion-flex-container nonhundred-percent-fullwidth non-hundred-percent-height-scrolling\" style=\"--awb-border-radius-top-left:0px;--awb-border-radius-top-right:0px;--awb-border-radius-bottom-right:0px;--awb-border-radius-bottom-left:0px;--awb-flex-wrap:wrap;\" ><div class=\"fusion-builder-row fusion-row fusion-flex-align-items-flex-start fusion-flex-content-wrap\" style=\"max-width:1019.2px;margin-left: calc(-4% \/ 2 );margin-right: calc(-4% \/ 2 );\"><div class=\"fusion-layout-column fusion_builder_column fusion-builder-column-2 fusion_builder_column_1_1 1_1 fusion-flex-column\" style=\"--awb-padding-top:40px;--awb-padding-right:40px;--awb-padding-bottom:40px;--awb-padding-left:40px;--awb-bg-color:#f5f5f5;--awb-bg-color-hover:#f5f5f5;--awb-bg-size:cover;--awb-width-large:100%;--awb-margin-top-large:0px;--awb-spacing-right-large:1.92%;--awb-margin-bottom-large:20px;--awb-spacing-left-large:1.92%;--awb-width-medium:100%;--awb-order-medium:0;--awb-spacing-right-medium:1.92%;--awb-spacing-left-medium:1.92%;--awb-width-small:100%;--awb-order-small:0;--awb-spacing-right-small:1.92%;--awb-spacing-left-small:1.92%;\"><div class=\"fusion-column-wrapper fusion-column-has-shadow fusion-flex-justify-content-flex-start fusion-content-layout-column\"><div class=\"fusion-text fusion-text-3\"><p style=\"text-align: center;\">A Valls Guiu advocats destaquem per la nostra professionalitat i tracte personalitzat al client<\/p>\n<\/div><div style=\"text-align:center;\"><a class=\"fusion-button button-flat fusion-button-default-size button-default fusion-button-default button-1 fusion-button-default-span fusion-button-default-type\" style=\"--awb-margin-top:24px;\" target=\"_self\" href=\"https:\/\/www.vallsguiu.com\/ca\/contactins\/\"><span class=\"fusion-button-text awb-button__text awb-button__text--default\">Envi\u00ef&#8217;ns la seva consulta<\/span><\/a><\/div><\/div><\/div><\/div><\/div>\n<\/p>\n","protected":false},"excerpt":{"rendered":"","protected":false},"author":5,"featured_media":0,"parent":0,"menu_order":30,"comment_status":"closed","ping_status":"closed","template":"","meta":{"footnotes":""},"class_list":["post-10432","page","type-page","status-publish","hentry"],"yoast_head":"<!-- This site is optimized with the Yoast SEO plugin v27.4 - https:\/\/yoast.com\/product\/yoast-seo-wordpress\/ -->\n<title>Abogados especialistas en Accidentes de Tr\u00e1fico en Barcelona<\/title>\n<meta name=\"description\" content=\"M\u00e1s de 15 de experiencia \u2713 Abogados especialistas en accidentes de tr\u00e1fico en Barcelona \u2713 Asesoramiento Integral para Indemnizaciones \u2713 Inf\u00f3rmate ahora!\" \/>\n<meta name=\"robots\" content=\"index, follow, max-snippet:-1, max-image-preview:large, max-video-preview:-1\" \/>\n<link rel=\"canonical\" href=\"https:\/\/www.vallsguiu.com\/ca\/abogados-especialistas-expertos-accidentes-trafico-barcelona\/\" \/>\n<meta property=\"og:locale\" content=\"ca_ES\" \/>\n<meta property=\"og:type\" content=\"article\" \/>\n<meta property=\"og:title\" content=\"Abogados especialistas en Accidentes de Tr\u00e1fico en Barcelona\" \/>\n<meta property=\"og:description\" content=\"M\u00e1s de 15 de experiencia \u2713 Abogados especialistas en accidentes de tr\u00e1fico en Barcelona \u2713 Asesoramiento Integral para Indemnizaciones \u2713 Inf\u00f3rmate ahora!\" \/>\n<meta property=\"og:url\" content=\"https:\/\/www.vallsguiu.com\/ca\/abogados-especialistas-expertos-accidentes-trafico-barcelona\/\" \/>\n<meta property=\"og:site_name\" content=\"Valls Guiu Advocats\" \/>\n<meta property=\"article:modified_time\" content=\"2021-04-27T15:37:37+00:00\" \/>\n<meta name=\"twitter:label1\" content=\"Est. reading time\" \/>\n\t<meta name=\"twitter:data1\" content=\"4 minutes\" \/>\n<script type=\"application\/ld+json\" class=\"yoast-schema-graph\">{\"@context\":\"https:\\\/\\\/schema.org\",\"@graph\":[{\"@type\":\"WebPage\",\"@id\":\"https:\\\/\\\/www.vallsguiu.com\\\/ca\\\/abogados-especialistas-expertos-accidentes-trafico-barcelona\\\/\",\"url\":\"https:\\\/\\\/www.vallsguiu.com\\\/ca\\\/abogados-especialistas-expertos-accidentes-trafico-barcelona\\\/\",\"name\":\"Abogados especialistas en Accidentes de Tr\u00e1fico en Barcelona\",\"isPartOf\":{\"@id\":\"https:\\\/\\\/www.vallsguiu.com\\\/#website\"},\"datePublished\":\"2011-06-15T10:10:33+00:00\",\"dateModified\":\"2021-04-27T15:37:37+00:00\",\"description\":\"M\u00e1s de 15 de experiencia \u2713 Abogados especialistas en accidentes de tr\u00e1fico en Barcelona \u2713 Asesoramiento Integral para Indemnizaciones \u2713 Inf\u00f3rmate ahora!\",\"breadcrumb\":{\"@id\":\"https:\\\/\\\/www.vallsguiu.com\\\/ca\\\/abogados-especialistas-expertos-accidentes-trafico-barcelona\\\/#breadcrumb\"},\"inLanguage\":\"ca\",\"potentialAction\":[{\"@type\":\"ReadAction\",\"target\":[\"https:\\\/\\\/www.vallsguiu.com\\\/ca\\\/abogados-especialistas-expertos-accidentes-trafico-barcelona\\\/\"]}]},{\"@type\":\"BreadcrumbList\",\"@id\":\"https:\\\/\\\/www.vallsguiu.com\\\/ca\\\/abogados-especialistas-expertos-accidentes-trafico-barcelona\\\/#breadcrumb\",\"itemListElement\":[{\"@type\":\"ListItem\",\"position\":1,\"name\":\"Portada\",\"item\":\"https:\\\/\\\/www.vallsguiu.com\\\/ca\\\/\"},{\"@type\":\"ListItem\",\"position\":2,\"name\":\"Accidents de tr\u00e0nsit\"}]},{\"@type\":\"WebSite\",\"@id\":\"https:\\\/\\\/www.vallsguiu.com\\\/#website\",\"url\":\"https:\\\/\\\/www.vallsguiu.com\\\/\",\"name\":\"Valls Guiu Advocats\",\"description\":\"\",\"potentialAction\":[{\"@type\":\"SearchAction\",\"target\":{\"@type\":\"EntryPoint\",\"urlTemplate\":\"https:\\\/\\\/www.vallsguiu.com\\\/?s={search_term_string}\"},\"query-input\":{\"@type\":\"PropertyValueSpecification\",\"valueRequired\":true,\"valueName\":\"search_term_string\"}}],\"inLanguage\":\"ca\"}]}<\/script>\n<!-- \/ Yoast SEO plugin. -->","yoast_head_json":{"title":"Abogados especialistas en Accidentes de Tr\u00e1fico en Barcelona","description":"M\u00e1s de 15 de experiencia \u2713 Abogados especialistas en accidentes de tr\u00e1fico en Barcelona \u2713 Asesoramiento Integral para Indemnizaciones \u2713 Inf\u00f3rmate ahora!","robots":{"index":"index","follow":"follow","max-snippet":"max-snippet:-1","max-image-preview":"max-image-preview:large","max-video-preview":"max-video-preview:-1"},"canonical":"https:\/\/www.vallsguiu.com\/ca\/abogados-especialistas-expertos-accidentes-trafico-barcelona\/","og_locale":"ca_ES","og_type":"article","og_title":"Abogados especialistas en Accidentes de Tr\u00e1fico en Barcelona","og_description":"M\u00e1s de 15 de experiencia \u2713 Abogados especialistas en accidentes de tr\u00e1fico en Barcelona \u2713 Asesoramiento Integral para Indemnizaciones \u2713 Inf\u00f3rmate ahora!","og_url":"https:\/\/www.vallsguiu.com\/ca\/abogados-especialistas-expertos-accidentes-trafico-barcelona\/","og_site_name":"Valls Guiu Advocats","article_modified_time":"2021-04-27T15:37:37+00:00","twitter_misc":{"Est. reading time":"4 minutes"},"schema":{"@context":"https:\/\/schema.org","@graph":[{"@type":"WebPage","@id":"https:\/\/www.vallsguiu.com\/ca\/abogados-especialistas-expertos-accidentes-trafico-barcelona\/","url":"https:\/\/www.vallsguiu.com\/ca\/abogados-especialistas-expertos-accidentes-trafico-barcelona\/","name":"Abogados especialistas en Accidentes de Tr\u00e1fico en Barcelona","isPartOf":{"@id":"https:\/\/www.vallsguiu.com\/#website"},"datePublished":"2011-06-15T10:10:33+00:00","dateModified":"2021-04-27T15:37:37+00:00","description":"M\u00e1s de 15 de experiencia \u2713 Abogados especialistas en accidentes de tr\u00e1fico en Barcelona \u2713 Asesoramiento Integral para Indemnizaciones \u2713 Inf\u00f3rmate ahora!","breadcrumb":{"@id":"https:\/\/www.vallsguiu.com\/ca\/abogados-especialistas-expertos-accidentes-trafico-barcelona\/#breadcrumb"},"inLanguage":"ca","potentialAction":[{"@type":"ReadAction","target":["https:\/\/www.vallsguiu.com\/ca\/abogados-especialistas-expertos-accidentes-trafico-barcelona\/"]}]},{"@type":"BreadcrumbList","@id":"https:\/\/www.vallsguiu.com\/ca\/abogados-especialistas-expertos-accidentes-trafico-barcelona\/#breadcrumb","itemListElement":[{"@type":"ListItem","position":1,"name":"Portada","item":"https:\/\/www.vallsguiu.com\/ca\/"},{"@type":"ListItem","position":2,"name":"Accidents de tr\u00e0nsit"}]},{"@type":"WebSite","@id":"https:\/\/www.vallsguiu.com\/#website","url":"https:\/\/www.vallsguiu.com\/","name":"Valls Guiu Advocats","description":"","potentialAction":[{"@type":"SearchAction","target":{"@type":"EntryPoint","urlTemplate":"https:\/\/www.vallsguiu.com\/?s={search_term_string}"},"query-input":{"@type":"PropertyValueSpecification","valueRequired":true,"valueName":"search_term_string"}}],"inLanguage":"ca"}]}},"_links":{"self":[{"href":"https:\/\/www.vallsguiu.com\/ca\/wp-json\/wp\/v2\/pages\/10432","targetHints":{"allow":["GET"]}}],"collection":[{"href":"https:\/\/www.vallsguiu.com\/ca\/wp-json\/wp\/v2\/pages"}],"about":[{"href":"https:\/\/www.vallsguiu.com\/ca\/wp-json\/wp\/v2\/types\/page"}],"author":[{"embeddable":true,"href":"https:\/\/www.vallsguiu.com\/ca\/wp-json\/wp\/v2\/users\/5"}],"replies":[{"embeddable":true,"href":"https:\/\/www.vallsguiu.com\/ca\/wp-json\/wp\/v2\/comments?post=10432"}],"version-history":[{"count":3,"href":"https:\/\/www.vallsguiu.com\/ca\/wp-json\/wp\/v2\/pages\/10432\/revisions"}],"predecessor-version":[{"id":10688,"href":"https:\/\/www.vallsguiu.com\/ca\/wp-json\/wp\/v2\/pages\/10432\/revisions\/10688"}],"wp:attachment":[{"href":"https:\/\/www.vallsguiu.com\/ca\/wp-json\/wp\/v2\/media?parent=10432"}],"curies":[{"name":"wp","href":"https:\/\/api.w.org\/{rel}","templated":true}]}}