{"id":10452,"date":"2014-05-31T13:36:44","date_gmt":"2014-05-31T11:36:44","guid":{"rendered":"https:\/\/www.vallsguiu.com\/dret-penal\/"},"modified":"2021-04-27T17:42:22","modified_gmt":"2021-04-27T15:42:22","slug":"dret-penal","status":"publish","type":"page","link":"https:\/\/www.vallsguiu.com\/ca\/dret-penal\/","title":{"rendered":"Dret penal"},"content":{"rendered":"<p><div class=\"fusion-fullwidth fullwidth-box fusion-builder-row-1 fusion-flex-container nonhundred-percent-fullwidth non-hundred-percent-height-scrolling\" style=\"--awb-border-radius-top-left:0px;--awb-border-radius-top-right:0px;--awb-border-radius-bottom-right:0px;--awb-border-radius-bottom-left:0px;--awb-flex-wrap:wrap;\" ><div class=\"fusion-builder-row fusion-row fusion-flex-align-items-flex-start fusion-flex-content-wrap\" style=\"max-width:1019.2px;margin-left: calc(-4% \/ 2 );margin-right: calc(-4% \/ 2 );\"><div class=\"fusion-layout-column fusion_builder_column fusion-builder-column-0 fusion_builder_column_1_3 1_3 fusion-flex-column\" style=\"--awb-bg-size:cover;--awb-width-large:33.333333333333%;--awb-margin-top-large:0px;--awb-spacing-right-large:5.76%;--awb-margin-bottom-large:20px;--awb-spacing-left-large:5.76%;--awb-width-medium:33.333333333333%;--awb-order-medium:0;--awb-spacing-right-medium:5.76%;--awb-spacing-left-medium:5.76%;--awb-width-small:100%;--awb-order-small:0;--awb-spacing-right-small:1.92%;--awb-spacing-left-small:1.92%;\"><div class=\"fusion-column-wrapper fusion-column-has-shadow fusion-flex-justify-content-flex-start fusion-content-layout-column\"><div class=\"fusion-image-element \" style=\"text-align:center;--awb-caption-title-font-family:var(--h2_typography-font-family);--awb-caption-title-font-weight:var(--h2_typography-font-weight);--awb-caption-title-font-style:var(--h2_typography-font-style);--awb-caption-title-size:var(--h2_typography-font-size);--awb-caption-title-transform:var(--h2_typography-text-transform);--awb-caption-title-line-height:var(--h2_typography-line-height);--awb-caption-title-letter-spacing:var(--h2_typography-letter-spacing);\"><span class=\" fusion-imageframe imageframe-none imageframe-1 hover-type-none\"><img decoding=\"async\" width=\"300\" height=\"300\" title=\"8_dret_penal\" src=\"https:\/\/www.vallsguiu.com\/wp-content\/uploads\/8_dret_penal.jpg\" alt class=\"img-responsive wp-image-10603\" srcset=\"https:\/\/www.vallsguiu.com\/wp-content\/uploads\/8_dret_penal-150x150.jpg 150w, https:\/\/www.vallsguiu.com\/wp-content\/uploads\/8_dret_penal.jpg 300w, https:\/\/www.vallsguiu.com\/wp-content\/uploads\/8_dret_penal-1024x1024.jpg 1024w\" sizes=\"(max-width: 300px) 100vw, 300px\" \/><\/span><\/div><\/div><\/div><div class=\"fusion-layout-column fusion_builder_column fusion-builder-column-1 fusion_builder_column_2_3 2_3 fusion-flex-column\" style=\"--awb-bg-size:cover;--awb-width-large:66.666666666667%;--awb-margin-top-large:0px;--awb-spacing-right-large:2.88%;--awb-margin-bottom-large:20px;--awb-spacing-left-large:2.88%;--awb-width-medium:66.666666666667%;--awb-order-medium:0;--awb-spacing-right-medium:2.88%;--awb-spacing-left-medium:2.88%;--awb-width-small:100%;--awb-order-small:0;--awb-spacing-right-small:1.92%;--awb-spacing-left-small:1.92%;\"><div class=\"fusion-column-wrapper fusion-column-has-shadow fusion-flex-justify-content-flex-start fusion-content-layout-column\"><div class=\"fusion-title title fusion-title-1 fusion-sep-none fusion-title-text fusion-title-size-two\" style=\"--awb-margin-top-small:10px;--awb-margin-bottom-small:10px;\"><h2 class=\"fusion-title-heading title-heading-left\" style=\"margin:0;\"><h2>Dret penal<\/h2><\/h2><\/div><div class=\"fusion-text fusion-text-1\"><p>Avui dia en la nostra societat ens trobem exposats a situacions que poden implicar conseq\u00fc\u00e8ncies penals de molta diversa \u00edndole i consideraci\u00f3. En aquests casos esdev\u00e9 necess\u00e0ria la intervenci\u00f3 d\u2019un lletrat ja sigui per defensar els interessos de l\u2019acusat com els del perjudicat, per aix\u00ed obtenir la tutela judicial efectiva, principi consagrat en l\u2019article 24 de la Constituci\u00f3.<\/p>\n<\/div><div class=\"fusion-text fusion-text-2\"><ul class=\"actuacio\">\n<li>Lesions<\/li>\n<li>Dret penitenciari<\/li>\n<li>Alcohol\u00e8mies<\/li>\n<li>Dret penal econ\u00f2mic<\/li>\n<li>Delictes contra el patrimoni<\/li>\n<li>Delictes contra l\u2019Honor<\/li>\n<li>Delictes contra les persones<\/li>\n<li>Delictes contra la propietat industrial<\/li>\n<li>Assist\u00e8ncia a detinguts<\/li>\n<li>Judicis r\u00e0pids<\/li>\n<\/ul>\n<\/div><\/div><\/div><\/div><\/div><div class=\"fusion-fullwidth fullwidth-box fusion-builder-row-2 fusion-flex-container nonhundred-percent-fullwidth non-hundred-percent-height-scrolling\" style=\"--awb-border-radius-top-left:0px;--awb-border-radius-top-right:0px;--awb-border-radius-bottom-right:0px;--awb-border-radius-bottom-left:0px;--awb-flex-wrap:wrap;\" ><div class=\"fusion-builder-row fusion-row fusion-flex-align-items-flex-start fusion-flex-content-wrap\" style=\"max-width:1019.2px;margin-left: calc(-4% \/ 2 );margin-right: calc(-4% \/ 2 );\"><div class=\"fusion-layout-column fusion_builder_column fusion-builder-column-2 fusion_builder_column_1_1 1_1 fusion-flex-column\" style=\"--awb-padding-top:40px;--awb-padding-right:40px;--awb-padding-bottom:40px;--awb-padding-left:40px;--awb-bg-color:#f5f5f5;--awb-bg-color-hover:#f5f5f5;--awb-bg-size:cover;--awb-width-large:100%;--awb-margin-top-large:0px;--awb-spacing-right-large:1.92%;--awb-margin-bottom-large:20px;--awb-spacing-left-large:1.92%;--awb-width-medium:100%;--awb-order-medium:0;--awb-spacing-right-medium:1.92%;--awb-spacing-left-medium:1.92%;--awb-width-small:100%;--awb-order-small:0;--awb-spacing-right-small:1.92%;--awb-spacing-left-small:1.92%;\"><div class=\"fusion-column-wrapper fusion-column-has-shadow fusion-flex-justify-content-flex-start fusion-content-layout-column\"><div class=\"fusion-text fusion-text-3\"><p style=\"text-align: center;\">A Valls Guiu advocats destaquem per la nostra professionalitat i tracte personalitzat al client<\/p>\n<\/div><div style=\"text-align:center;\"><a class=\"fusion-button button-flat fusion-button-default-size button-default fusion-button-default button-1 fusion-button-default-span fusion-button-default-type\" style=\"--awb-margin-top:24px;\" target=\"_self\" href=\"https:\/\/www.vallsguiu.com\/ca\/contactins\/\"><span class=\"fusion-button-text awb-button__text awb-button__text--default\">Envi\u00ef&#8217;ns la seva consulta<\/span><\/a><\/div><\/div><\/div><\/div><\/div>\n<\/p>\n","protected":false},"excerpt":{"rendered":"","protected":false},"author":5,"featured_media":0,"parent":0,"menu_order":0,"comment_status":"closed","ping_status":"closed","template":"","meta":{"footnotes":""},"class_list":["post-10452","page","type-page","status-publish","hentry"],"yoast_head":"<!-- This site is optimized with the Yoast SEO plugin v27.4 - https:\/\/yoast.com\/product\/yoast-seo-wordpress\/ -->\n<title>Dret penal | Valls Guiu Advocats<\/title>\n<meta name=\"robots\" content=\"index, follow, max-snippet:-1, max-image-preview:large, max-video-preview:-1\" \/>\n<link rel=\"canonical\" href=\"https:\/\/www.vallsguiu.com\/ca\/dret-penal\/\" \/>\n<meta property=\"og:locale\" content=\"ca_ES\" \/>\n<meta property=\"og:type\" content=\"article\" \/>\n<meta property=\"og:title\" content=\"Dret penal | Valls Guiu Advocats\" \/>\n<meta property=\"og:url\" content=\"https:\/\/www.vallsguiu.com\/ca\/dret-penal\/\" \/>\n<meta property=\"og:site_name\" content=\"Valls Guiu Advocats\" \/>\n<meta property=\"article:modified_time\" content=\"2021-04-27T15:42:22+00:00\" \/>\n<meta name=\"twitter:label1\" content=\"Est. reading time\" \/>\n\t<meta name=\"twitter:data1\" content=\"4 minutes\" \/>\n<script type=\"application\/ld+json\" class=\"yoast-schema-graph\">{\"@context\":\"https:\\\/\\\/schema.org\",\"@graph\":[{\"@type\":\"WebPage\",\"@id\":\"https:\\\/\\\/www.vallsguiu.com\\\/ca\\\/dret-penal\\\/\",\"url\":\"https:\\\/\\\/www.vallsguiu.com\\\/ca\\\/dret-penal\\\/\",\"name\":\"Dret penal | Valls Guiu Advocats\",\"isPartOf\":{\"@id\":\"https:\\\/\\\/www.vallsguiu.com\\\/#website\"},\"datePublished\":\"2014-05-31T11:36:44+00:00\",\"dateModified\":\"2021-04-27T15:42:22+00:00\",\"breadcrumb\":{\"@id\":\"https:\\\/\\\/www.vallsguiu.com\\\/ca\\\/dret-penal\\\/#breadcrumb\"},\"inLanguage\":\"ca\",\"potentialAction\":[{\"@type\":\"ReadAction\",\"target\":[\"https:\\\/\\\/www.vallsguiu.com\\\/ca\\\/dret-penal\\\/\"]}]},{\"@type\":\"BreadcrumbList\",\"@id\":\"https:\\\/\\\/www.vallsguiu.com\\\/ca\\\/dret-penal\\\/#breadcrumb\",\"itemListElement\":[{\"@type\":\"ListItem\",\"position\":1,\"name\":\"Portada\",\"item\":\"https:\\\/\\\/www.vallsguiu.com\\\/ca\\\/\"},{\"@type\":\"ListItem\",\"position\":2,\"name\":\"Dret penal\"}]},{\"@type\":\"WebSite\",\"@id\":\"https:\\\/\\\/www.vallsguiu.com\\\/#website\",\"url\":\"https:\\\/\\\/www.vallsguiu.com\\\/\",\"name\":\"Valls Guiu Advocats\",\"description\":\"\",\"potentialAction\":[{\"@type\":\"SearchAction\",\"target\":{\"@type\":\"EntryPoint\",\"urlTemplate\":\"https:\\\/\\\/www.vallsguiu.com\\\/?s={search_term_string}\"},\"query-input\":{\"@type\":\"PropertyValueSpecification\",\"valueRequired\":true,\"valueName\":\"search_term_string\"}}],\"inLanguage\":\"ca\"}]}<\/script>\n<!-- \/ Yoast SEO plugin. -->","yoast_head_json":{"title":"Dret penal | Valls Guiu Advocats","robots":{"index":"index","follow":"follow","max-snippet":"max-snippet:-1","max-image-preview":"max-image-preview:large","max-video-preview":"max-video-preview:-1"},"canonical":"https:\/\/www.vallsguiu.com\/ca\/dret-penal\/","og_locale":"ca_ES","og_type":"article","og_title":"Dret penal | Valls Guiu Advocats","og_url":"https:\/\/www.vallsguiu.com\/ca\/dret-penal\/","og_site_name":"Valls Guiu Advocats","article_modified_time":"2021-04-27T15:42:22+00:00","twitter_misc":{"Est. reading time":"4 minutes"},"schema":{"@context":"https:\/\/schema.org","@graph":[{"@type":"WebPage","@id":"https:\/\/www.vallsguiu.com\/ca\/dret-penal\/","url":"https:\/\/www.vallsguiu.com\/ca\/dret-penal\/","name":"Dret penal | Valls Guiu Advocats","isPartOf":{"@id":"https:\/\/www.vallsguiu.com\/#website"},"datePublished":"2014-05-31T11:36:44+00:00","dateModified":"2021-04-27T15:42:22+00:00","breadcrumb":{"@id":"https:\/\/www.vallsguiu.com\/ca\/dret-penal\/#breadcrumb"},"inLanguage":"ca","potentialAction":[{"@type":"ReadAction","target":["https:\/\/www.vallsguiu.com\/ca\/dret-penal\/"]}]},{"@type":"BreadcrumbList","@id":"https:\/\/www.vallsguiu.com\/ca\/dret-penal\/#breadcrumb","itemListElement":[{"@type":"ListItem","position":1,"name":"Portada","item":"https:\/\/www.vallsguiu.com\/ca\/"},{"@type":"ListItem","position":2,"name":"Dret penal"}]},{"@type":"WebSite","@id":"https:\/\/www.vallsguiu.com\/#website","url":"https:\/\/www.vallsguiu.com\/","name":"Valls Guiu Advocats","description":"","potentialAction":[{"@type":"SearchAction","target":{"@type":"EntryPoint","urlTemplate":"https:\/\/www.vallsguiu.com\/?s={search_term_string}"},"query-input":{"@type":"PropertyValueSpecification","valueRequired":true,"valueName":"search_term_string"}}],"inLanguage":"ca"}]}},"_links":{"self":[{"href":"https:\/\/www.vallsguiu.com\/ca\/wp-json\/wp\/v2\/pages\/10452","targetHints":{"allow":["GET"]}}],"collection":[{"href":"https:\/\/www.vallsguiu.com\/ca\/wp-json\/wp\/v2\/pages"}],"about":[{"href":"https:\/\/www.vallsguiu.com\/ca\/wp-json\/wp\/v2\/types\/page"}],"author":[{"embeddable":true,"href":"https:\/\/www.vallsguiu.com\/ca\/wp-json\/wp\/v2\/users\/5"}],"replies":[{"embeddable":true,"href":"https:\/\/www.vallsguiu.com\/ca\/wp-json\/wp\/v2\/comments?post=10452"}],"version-history":[{"count":2,"href":"https:\/\/www.vallsguiu.com\/ca\/wp-json\/wp\/v2\/pages\/10452\/revisions"}],"predecessor-version":[{"id":10696,"href":"https:\/\/www.vallsguiu.com\/ca\/wp-json\/wp\/v2\/pages\/10452\/revisions\/10696"}],"wp:attachment":[{"href":"https:\/\/www.vallsguiu.com\/ca\/wp-json\/wp\/v2\/media?parent=10452"}],"curies":[{"name":"wp","href":"https:\/\/api.w.org\/{rel}","templated":true}]}}